{"id":37,"date":"2010-12-11T13:15:48","date_gmt":"2010-12-11T13:15:48","guid":{"rendered":"http:\/\/www.anke-rasmussen.de\/?page_id=37"},"modified":"2026-02-06T11:33:15","modified_gmt":"2026-02-06T11:33:15","slug":"segelkurse-rmd-2011","status":"publish","type":"page","link":"https:\/\/www.anke-rasmussen.de\/?page_id=37","title":{"rendered":"RMD Segelclub"},"content":{"rendered":"<p><a href=\"http:\/\/www.anke-rasmussen.de\/wp-content\/uploads\/2010\/12\/IMG_2457.jpg\"><img loading=\"lazy\" decoding=\"async\" class=\"alignleft size-medium wp-image-453\" src=\"http:\/\/www.anke-rasmussen.de\/wp-content\/uploads\/2010\/12\/IMG_2457-300x225.jpg\" alt=\"\" width=\"300\" height=\"225\" srcset=\"https:\/\/www.anke-rasmussen.de\/wp-content\/uploads\/2010\/12\/IMG_2457-300x225.jpg 300w, https:\/\/www.anke-rasmussen.de\/wp-content\/uploads\/2010\/12\/IMG_2457-768x576.jpg 768w, https:\/\/www.anke-rasmussen.de\/wp-content\/uploads\/2010\/12\/IMG_2457-1024x768.jpg 1024w\" sizes=\"auto, (max-width: 300px) 100vw, 300px\" \/><\/a>Der RMD-Segelclub in Herrsching am Ammersee ist ein Verein f\u00fcr alle, die gerne mit Gleichgesinnten segeln und kein eigenes Boot haben.<\/p>\n<p>Die vereinseigenen Segelboote reichen vom Katamaran \u00fcber Kielzugv\u00f6gel und Drachen bis zum gaffelgekatelten Kutter und bieten viel Spa\u00df und Abwechslung.<\/p>\n<p>Weitere Informationen zum Rhein-Main-Donau Segelclub:<\/p>\n<p><a href=\"https:\/\/www.rmdsc.de\" target=\"_blank\" rel=\"noopener\">https:\/\/www.rmdsc.de<\/a><\/p>\n<p>&nbsp;<\/p>\n<p>&nbsp;<\/p>\n","protected":false},"excerpt":{"rendered":"<p>Der RMD-Segelclub in Herrsching am Ammersee ist ein Verein f\u00fcr alle, die gerne mit Gleichgesinnten segeln und kein eigenes Boot haben. Die vereinseigenen Segelboote reichen vom Katamaran \u00fcber Kielzugv\u00f6gel und Drachen bis zum gaffelgekatelten Kutter und bieten viel Spa\u00df und Abwechslung. Weitere Informationen zum Rhein-Main-Donau Segelclub: https:\/\/www.rmdsc.de &nbsp; &nbsp;<\/p>\n","protected":false},"author":3,"featured_media":0,"parent":0,"menu_order":3,"comment_status":"open","ping_status":"open","template":"","meta":{"footnotes":""},"class_list":["post-37","page","type-page","status-publish","hentry"],"_links":{"self":[{"href":"https:\/\/www.anke-rasmussen.de\/index.php?rest_route=\/wp\/v2\/pages\/37","targetHints":{"allow":["GET"]}}],"collection":[{"href":"https:\/\/www.anke-rasmussen.de\/index.php?rest_route=\/wp\/v2\/pages"}],"about":[{"href":"https:\/\/www.anke-rasmussen.de\/index.php?rest_route=\/wp\/v2\/types\/page"}],"author":[{"embeddable":true,"href":"https:\/\/www.anke-rasmussen.de\/index.php?rest_route=\/wp\/v2\/users\/3"}],"replies":[{"embeddable":true,"href":"https:\/\/www.anke-rasmussen.de\/index.php?rest_route=%2Fwp%2Fv2%2Fcomments&post=37"}],"version-history":[{"count":27,"href":"https:\/\/www.anke-rasmussen.de\/index.php?rest_route=\/wp\/v2\/pages\/37\/revisions"}],"predecessor-version":[{"id":711,"href":"https:\/\/www.anke-rasmussen.de\/index.php?rest_route=\/wp\/v2\/pages\/37\/revisions\/711"}],"wp:attachment":[{"href":"https:\/\/www.anke-rasmussen.de\/index.php?rest_route=%2Fwp%2Fv2%2Fmedia&parent=37"}],"curies":[{"name":"wp","href":"https:\/\/api.w.org\/{rel}","templated":true}]}}